{"id":143,"date":"2019-07-25T08:49:23","date_gmt":"2019-07-25T08:49:23","guid":{"rendered":"http:\/\/annawirges.de\/?page_id=143"},"modified":"2019-11-26T10:48:50","modified_gmt":"2019-11-26T10:48:50","slug":"impressum","status":"publish","type":"page","link":"https:\/\/annawirges.de\/?page_id=143","title":{"rendered":"Impressum"},"content":{"rendered":"<p>[et_pb_section fb_built=&#8220;1&#8243; admin_label=&#8220;Our Story&#8220; _builder_version=&#8220;3.22.3&#8243; background_color=&#8220;#ffffff&#8220; background_position=&#8220;top_left&#8220; custom_padding=&#8220;100px|0px|100px|0px&#8220; collapsed=&#8220;off&#8220;][et_pb_row custom_padding=&#8220;|||&#8220; custom_margin=&#8220;|||&#8220; background_position_1=&#8220;top_left&#8220; background_position_2=&#8220;top_left&#8220; background_repeat_1=&#8220;no-repeat&#8220; background_repeat_2=&#8220;no-repeat&#8220; padding_top_2=&#8220;60px&#8220; _builder_version=&#8220;3.22.3&#8243; background_size=&#8220;initial&#8220; background_position=&#8220;top_left&#8220; background_repeat=&#8220;repeat&#8220;][et_pb_column type=&#8220;1_2&#8243; _builder_version=&#8220;3.0.47&#8243;][et_pb_image src=&#8220;https:\/\/annawirges.de\/wp-content\/uploads\/2019\/06\/IMG_0961.jpg&#8220; always_center_on_mobile=&#8220;off&#8220; _builder_version=&#8220;3.22.7&#8243; animation_style=&#8220;slide&#8220; animation_direction=&#8220;right&#8220; animation_intensity_slide=&#8220;10%&#8220;][\/et_pb_image][\/et_pb_column][et_pb_column type=&#8220;1_2&#8243; _builder_version=&#8220;3.0.47&#8243;][et_pb_text _builder_version=&#8220;3.22.7&#8243; text_font=&#8220;||||||||&#8220; header_font=&#8220;||||||||&#8220; header_3_font=&#8220;Montserrat|700||on|||||&#8220; header_3_text_color=&#8220;#bfbfbf&#8220; header_3_font_size=&#8220;14px&#8220; header_3_letter_spacing=&#8220;2px&#8220; header_3_line_height=&#8220;1.3em&#8220; background_size=&#8220;initial&#8220; background_position=&#8220;top_left&#8220; background_repeat=&#8220;repeat&#8220; module_alignment=&#8220;center&#8220; custom_margin=&#8220;||12px|&#8220; custom_padding=&#8220;||0px|||&#8220; animation_style=&#8220;slide&#8220; animation_direction=&#8220;bottom&#8220; saved_tabs=&#8220;all&#8220; locked=&#8220;off&#8220; text_letter_spacing__hover=&#8220;0px&#8220; text_letter_spacing__hover_enabled=&#8220;0px&#8220; text_line_height__hover=&#8220;1.7em&#8220; text_line_height__hover_enabled=&#8220;1.7em&#8220; text_orientation__hover=&#8220;left&#8220; text_orientation__hover_enabled=&#8220;left&#8220; text_font_size__hover=&#8220;14px&#8220; text_font_size__hover_enabled=&#8220;14px&#8220; text_text_shadow_style__hover=&#8220;none&#8220; text_text_shadow_style__hover_enabled=&#8220;none&#8220; text_text_shadow_color__hover=&#8220;rgba(0,0,0,0.4)&#8220; text_text_shadow_color__hover_enabled=&#8220;rgba(0,0,0,0.4)&#8220; link_font_size__hover=&#8220;14px&#8220; link_font_size__hover_enabled=&#8220;14px&#8220; link_letter_spacing__hover=&#8220;0px&#8220; link_letter_spacing__hover_enabled=&#8220;0px&#8220; link_line_height__hover=&#8220;1em&#8220; link_line_height__hover_enabled=&#8220;1em&#8220; link_text_shadow_style__hover=&#8220;none&#8220; link_text_shadow_style__hover_enabled=&#8220;none&#8220; link_text_shadow_color__hover=&#8220;rgba(0,0,0,0.4)&#8220; link_text_shadow_color__hover_enabled=&#8220;rgba(0,0,0,0.4)&#8220; ul_font_size__hover=&#8220;14px&#8220; ul_font_size__hover_enabled=&#8220;14px&#8220; ul_letter_spacing__hover=&#8220;0px&#8220; ul_letter_spacing__hover_enabled=&#8220;0px&#8220; ul_line_height__hover=&#8220;1em&#8220; ul_line_height__hover_enabled=&#8220;1em&#8220; ul_text_shadow_style__hover=&#8220;none&#8220; ul_text_shadow_style__hover_enabled=&#8220;none&#8220; ul_text_shadow_color__hover=&#8220;rgba(0,0,0,0.4)&#8220; ul_text_shadow_color__hover_enabled=&#8220;rgba(0,0,0,0.4)&#8220; ol_font_size__hover=&#8220;14px&#8220; ol_font_size__hover_enabled=&#8220;14px&#8220; ol_letter_spacing__hover=&#8220;0px&#8220; ol_letter_spacing__hover_enabled=&#8220;0px&#8220; ol_line_height__hover=&#8220;1em&#8220; ol_line_height__hover_enabled=&#8220;1em&#8220; ol_text_shadow_style__hover=&#8220;none&#8220; ol_text_shadow_style__hover_enabled=&#8220;none&#8220; ol_text_shadow_color__hover=&#8220;rgba(0,0,0,0.4)&#8220; ol_text_shadow_color__hover_enabled=&#8220;rgba(0,0,0,0.4)&#8220; quote_font_size__hover=&#8220;14px&#8220; quote_font_size__hover_enabled=&#8220;14px&#8220; quote_letter_spacing__hover=&#8220;0px&#8220; quote_letter_spacing__hover_enabled=&#8220;0px&#8220; quote_line_height__hover=&#8220;1em&#8220; quote_line_height__hover_enabled=&#8220;1em&#8220; quote_text_shadow_style__hover=&#8220;none&#8220; quote_text_shadow_style__hover_enabled=&#8220;none&#8220; quote_text_shadow_color__hover=&#8220;rgba(0,0,0,0.4)&#8220; quote_text_shadow_color__hover_enabled=&#8220;rgba(0,0,0,0.4)&#8220; background_layout__hover=&#8220;light&#8220; background_layout__hover_enabled=&#8220;light&#8220;]<\/p>\n<h3>IMpressum<\/h3>\n<p>[\/et_pb_text][et_pb_divider show_divider=&#8220;off&#8220; _builder_version=&#8220;3.2&#8243; max_width=&#8220;60px&#8220; module_alignment=&#8220;left&#8220; custom_margin=&#8220;||10px|&#8220; saved_tabs=&#8220;all&#8220; locked=&#8220;off&#8220;][\/et_pb_divider][et_pb_text disabled_on=&#8220;on|on|off&#8220; _builder_version=&#8220;3.22.7&#8243; text_font=&#8220;||||||||&#8220; header_font=&#8220;||||||||&#8220; header_2_font=&#8220;Playfair Display||||&#8220; header_2_font_size=&#8220;48px&#8220; header_2_line_height=&#8220;1.3em&#8220; background_size=&#8220;initial&#8220; background_position=&#8220;top_left&#8220; background_repeat=&#8220;repeat&#8220; inline_fonts=&#8220;Verdana,Ubuntu&#8220; header_font_size__hover=&#8220;30px&#8220; header_font_size__hover_enabled=&#8220;30px&#8220; header_letter_spacing__hover=&#8220;0px&#8220; header_letter_spacing__hover_enabled=&#8220;0px&#8220; header_text_shadow_style__hover=&#8220;none&#8220; header_text_shadow_style__hover_enabled=&#8220;none&#8220; header_text_shadow_color__hover=&#8220;rgba(0,0,0,0.4)&#8220; header_text_shadow_color__hover_enabled=&#8220;rgba(0,0,0,0.4)&#8220;]<\/p>\n<h2><span style=\"font-family: Ubuntu; font-weight: normal; font-size: xx-large;\">IMPRESSUM<\/span><\/h2>\n<p>[\/et_pb_text][et_pb_text _builder_version=&#8220;3.22.7&#8243; text_font=&#8220;Montserrat||||&#8220; text_text_color=&#8220;#939393&#8243; text_font_size=&#8220;17px&#8220; text_line_height=&#8220;1.8em&#8220; header_font=&#8220;||||&#8220; background_size=&#8220;initial&#8220; background_position=&#8220;top_left&#8220; background_repeat=&#8220;repeat&#8220; max_width=&#8220;700px&#8220; animation_style=&#8220;slide&#8220; animation_direction=&#8220;top&#8220; animation_intensity_slide=&#8220;4%&#8220; inline_fonts=&#8220;Ubuntu&#8220;]<\/p>\n<p><span style=\"font-size: small;\"><strong><span style=\"font-family: Ubuntu;\"><\/span><\/strong><\/span><\/p>\n<p><span style=\"font-size: small;\"><strong><span style=\"font-family: Ubuntu;\">Angaben gem\u00e4\u00df \u00a7 5 TMG<\/span><\/strong><\/span><br \/><span style=\"font-family: Ubuntu; font-weight: normal; font-size: small;\">Anna Wirges<\/span><br \/><span style=\"font-family: Ubuntu; font-weight: normal; font-size: small;\">Yogalehrerin<\/span><br \/><span style=\"font-family: Ubuntu; font-weight: normal; font-size: small;\">Strampfelbergweg 3<\/span><br \/><span style=\"font-family: Ubuntu; font-weight: normal; font-size: small;\">88299 Leutkirch<\/span><\/p>\n<p><span style=\"font-size: small;\"><strong><span style=\"font-family: Ubuntu;\">Kontakt<\/span><\/strong><\/span><br \/><span style=\"font-family: Ubuntu; font-weight: normal; font-size: small;\">Telefon: +49 160.93909657<\/span><br \/><span style=\"font-family: Ubuntu; font-weight: normal; font-size: small;\">E-Mail: hallo@annawirges.de<\/span><\/p>\n<p><span style=\"font-size: small;\"><strong><span style=\"font-family: Ubuntu;\">Quelle:<\/span><\/strong><\/span><br \/><span style=\"font-family: Ubuntu; font-weight: normal; font-size: small;\">https:\/\/www.e-recht24.de<\/span><\/p>\n<p><span style=\"font-family: Ubuntu; font-weight: normal; font-size: small;\">\u00a0<\/span><\/p>\n<p><span style=\"font-size: small;\"><strong><span style=\"font-family: Ubuntu;\">Quellenangaben f\u00fcr die verwendeten Bilder und Grafiken:<\/span><\/strong><\/span><br \/><span style=\"font-family: Ubuntu; font-weight: normal; font-size: small;\">Die Bildrechte stehen jeweils am Ende eines jeden Beitrags. Auflistung der Bildrechte:<\/span><br \/><span style=\"font-size: small; font-family: Ubuntu; font-weight: normal;\">AdobeStock<\/span><br \/><span style=\"font-size: small; font-family: Ubuntu; font-weight: normal;\">Balanceyoga<\/span><br \/><span style=\"font-size: small; font-family: Ubuntu; font-weight: normal;\">Peter Wirges<\/span><br \/><span style=\"font-family: Ubuntu; font-weight: normal; font-size: small;\">\u00a0<\/span><\/p>\n<p><span style=\"font-size: small;\"><strong><span style=\"font-family: Ubuntu;\">Haftungsausschluss (Disclaimer)<\/span><\/strong><\/span><\/p>\n<p><span style=\"font-size: small;\"><strong><span style=\"font-family: Ubuntu;\">Haftung f\u00fcr Inhalte<\/span><\/strong><\/span><br \/><span style=\"font-family: Ubuntu; font-weight: normal; font-size: small;\">Als Diensteanbieter sind wir gem\u00e4\u00df \u00a7 7 Abs.1 TMG f\u00fcr eigene Inhalte auf diesen Seiten nach den allgemeinen Gesetzen verantwortlich. Nach \u00a7\u00a7 8 bis 10 TMG sind wir als Diensteanbieter jedoch nicht verpflichtet, \u00fcbermittelte oder gespeicherte fremde Informationen zu \u00fcberwachen oder nach Umst\u00e4nden zu forschen, die auf eine rechtswidrige T\u00e4tigkeit hinweisen. Verpflichtungen zur Entfernung oder Sperrung der Nutzung von Informationen nach den allgemeinen Gesetzen bleiben hiervon unber\u00fchrt. Eine diesbez\u00fcgliche Haftung ist jedoch erst ab dem Zeitpunkt der Kenntnis einer konkreten Rechtsverletzung m\u00f6glich. Bei Bekanntwerden von entsprechenden Rechtsverletzungen werden wir diese Inhalte umgehend entfernen.<\/span><\/p>\n<p><span style=\"font-size: small;\"><strong><span style=\"font-family: Ubuntu;\">Haftung f\u00fcr Links<\/span><\/strong><\/span><br \/><span style=\"font-family: Ubuntu; font-weight: normal; font-size: small;\">Unser Angebot enth\u00e4lt Links zu externen Webseiten Dritter, auf deren Inhalte wir keinen Einfluss haben. Deshalb k\u00f6nnen wir f\u00fcr diese fremden Inhalte auch keine Gew\u00e4hr \u00fcbernehmen. F\u00fcr die Inhalte der verlinkten Seiten ist stets der jeweilige Anbieter oder Betreiber der Seiten verantwortlich. Die verlinkten Seiten wurden zum Zeitpunkt der Verlinkung auf m\u00f6gliche Rechtsverst\u00f6\u00dfe \u00fcberpr\u00fcft. Rechtswidrige Inhalte waren zum Zeitpunkt der Verlinkung nicht erkennbar. Eine permanente inhaltliche Kontrolle der verlinkten Seiten ist jedoch ohne konkrete Anhaltspunkte einer Rechtsverletzung nicht zumutbar. Bei Bekanntwerden von Rechtsverletzungen werden wir derartige Links umgehend entfernen.<\/span><br \/><span style=\"font-family: Ubuntu; font-weight: normal; font-size: small;\">Urheberrecht<\/span><br \/><span style=\"font-family: Ubuntu; font-weight: normal; font-size: small;\">Die durch die Seitenbetreiber erstellten Inhalte und Werke auf diesen Seiten unterliegen dem deutschen Urheberrecht. Die Vervielf\u00e4ltigung, Bearbeitung, Verbreitung und jede Art der Verwertung au\u00dferhalb der Grenzen des Urheberrechtes bed\u00fcrfen der schriftlichen Zustimmung des jeweiligen Autors bzw. Erstellers. Downloads und Kopien dieser Seite sind nur f\u00fcr den privaten, nicht kommerziellen Gebrauch gestattet. Soweit die Inhalte auf dieser Seite nicht vom Betreiber erstellt wurden, werden die Urheberrechte Dritter beachtet. Insbesondere werden Inhalte Dritter als solche gekennzeichnet. Sollten Sie trotzdem auf eine Urheberrechtsverletzung aufmerksam werden, bitten wir um einen entsprechenden Hinweis. Bei Bekanntwerden von Rechtsverletzungen werden wir derartige Inhalte umgehend entfernen.<\/span><\/p>\n<p>[\/et_pb_text][\/et_pb_column][\/et_pb_row][\/et_pb_section]<\/p>\n","protected":false},"excerpt":{"rendered":"<p>[et_pb_section fb_built=&#8220;1&#8243; admin_label=&#8220;Our Story&#8220; _builder_version=&#8220;3.22.3&#8243; background_color=&#8220;#ffffff&#8220; background_position=&#8220;top_left&#8220; custom_padding=&#8220;100px|0px|100px|0px&#8220; collapsed=&#8220;off&#8220;][et_pb_row custom_padding=&#8220;|||&#8220; custom_margin=&#8220;|||&#8220; background_position_1=&#8220;top_left&#8220; background_position_2=&#8220;top_left&#8220; background_repeat_1=&#8220;no-repeat&#8220; background_repeat_2=&#8220;no-repeat&#8220; padding_top_2=&#8220;60px&#8220; _builder_version=&#8220;3.22.3&#8243; background_size=&#8220;initial&#8220; background_position=&#8220;top_left&#8220; background_repeat=&#8220;repeat&#8220;][et_pb_column type=&#8220;1_2&#8243; _builder_version=&#8220;3.0.47&#8243;][et_pb_image src=&#8220;https:\/\/annawirges.de\/wp-content\/uploads\/2019\/06\/IMG_0961.jpg&#8220; always_center_on_mobile=&#8220;off&#8220; _builder_version=&#8220;3.22.7&#8243; animation_style=&#8220;slide&#8220; animation_direction=&#8220;right&#8220; animation_intensity_slide=&#8220;10%&#8220;][\/et_pb_image][\/et_pb_column][et_pb_column type=&#8220;1_2&#8243; _builder_version=&#8220;3.0.47&#8243;][et_pb_text _builder_version=&#8220;3.22.7&#8243; text_font=&#8220;||||||||&#8220; header_font=&#8220;||||||||&#8220; header_3_font=&#8220;Montserrat|700||on|||||&#8220; header_3_text_color=&#8220;#bfbfbf&#8220; header_3_font_size=&#8220;14px&#8220; header_3_letter_spacing=&#8220;2px&#8220; header_3_line_height=&#8220;1.3em&#8220; background_size=&#8220;initial&#8220; background_position=&#8220;top_left&#8220; background_repeat=&#8220;repeat&#8220; module_alignment=&#8220;center&#8220; custom_margin=&#8220;||12px|&#8220; custom_padding=&#8220;||0px|||&#8220; animation_style=&#8220;slide&#8220; animation_direction=&#8220;bottom&#8220; saved_tabs=&#8220;all&#8220; locked=&#8220;off&#8220; text_letter_spacing__hover=&#8220;0px&#8220; text_letter_spacing__hover_enabled=&#8220;0px&#8220; text_line_height__hover=&#8220;1.7em&#8220; text_line_height__hover_enabled=&#8220;1.7em&#8220; text_orientation__hover=&#8220;left&#8220; text_orientation__hover_enabled=&#8220;left&#8220; text_font_size__hover=&#8220;14px&#8220; [&hellip;]<\/p>\n","protected":false},"author":1,"featured_media":0,"parent":0,"menu_order":0,"comment_status":"closed","ping_status":"closed","template":"","meta":{"_et_pb_use_builder":"on","_et_pb_old_content":"","_et_gb_content_width":""},"_links":{"self":[{"href":"https:\/\/annawirges.de\/index.php?rest_route=\/wp\/v2\/pages\/143"}],"collection":[{"href":"https:\/\/annawirges.de\/index.php?rest_route=\/wp\/v2\/pages"}],"about":[{"href":"https:\/\/annawirges.de\/index.php?rest_route=\/wp\/v2\/types\/page"}],"author":[{"embeddable":true,"href":"https:\/\/annawirges.de\/index.php?rest_route=\/wp\/v2\/users\/1"}],"replies":[{"embeddable":true,"href":"https:\/\/annawirges.de\/index.php?rest_route=%2Fwp%2Fv2%2Fcomments&post=143"}],"version-history":[{"count":8,"href":"https:\/\/annawirges.de\/index.php?rest_route=\/wp\/v2\/pages\/143\/revisions"}],"predecessor-version":[{"id":251,"href":"https:\/\/annawirges.de\/index.php?rest_route=\/wp\/v2\/pages\/143\/revisions\/251"}],"wp:attachment":[{"href":"https:\/\/annawirges.de\/index.php?rest_route=%2Fwp%2Fv2%2Fmedia&parent=143"}],"curies":[{"name":"wp","href":"https:\/\/api.w.org\/{rel}","templated":true}]}}